{"id":255,"date":"2023-03-14T21:15:45","date_gmt":"2023-03-14T20:15:45","guid":{"rendered":"https:\/\/www.detskalekarkaradi.sk\/?page_id=255"},"modified":"2025-09-08T20:57:37","modified_gmt":"2025-09-08T18:57:37","slug":"ospravedlnenky","status":"publish","type":"page","link":"https:\/\/www.detskalekarkaradi.sk\/?page_id=255","title":{"rendered":"Ospravedlnenky,                                  P\u00e9\u010dka a O\u010cR"},"content":{"rendered":"\n<figure class=\"wp-block-image size-full is-resized\"><img decoding=\"async\" loading=\"lazy\" width=\"1024\" height=\"724\" src=\"https:\/\/www.detskalekarkaradi.sk\/wp-content\/uploads\/2024\/04\/image-8.jpg\" alt=\"\" class=\"wp-image-1730\" style=\"aspect-ratio:1.4143646408839778;width:76px;height:auto\" srcset=\"https:\/\/www.detskalekarkaradi.sk\/wp-content\/uploads\/2024\/04\/image-8.jpg 1024w, https:\/\/www.detskalekarkaradi.sk\/wp-content\/uploads\/2024\/04\/image-8-300x212.jpg 300w, https:\/\/www.detskalekarkaradi.sk\/wp-content\/uploads\/2024\/04\/image-8-768x543.jpg 768w\" sizes=\"(max-width: 1024px) 100vw, 1024px\" \/><\/figure>\n\n\n\n<p>Mil\u00ed rodi\u010dia det\u00ed s povinnou \u0161kolskou doch\u00e1dzkou,<\/p>\n\n\n\n<p>pros\u00edm V\u00e1s, vyzbrojte sa trpezlivos\u0165ou. Lek\u00e1ri nemaj\u00fa pr\u00edstup k EduPage, preto sa zdr\u017eiava\u0165 zlo\u017eit\u00fdmi v\u00fdpo\u010dtami dn\u00ed NEBUD\u00da.<\/p>\n\n\n\n<p><img decoding=\"async\" loading=\"lazy\" height=\"16\" width=\"16\" src=\"https:\/\/static.xx.fbcdn.net\/images\/emoji.php\/v9\/tac\/1\/16\/1f4cc.png\" alt=\"\ud83d\udccc\">Aby ste si \u0161etrili svoj vz\u00e1cny \u010das, dobre si:<br>&#8211; v\u0161imnite tla\u010divo z webovej str\u00e1nky M\u0160 SR &#8211; <em><strong><a href=\"https:\/\/www.minedu.sk\/data\/att\/585\/34255.09689f.pdf?fbclid=IwY2xjawMivMFleHRuA2FlbQIxMABicmlkETAyMk1TczI2WUE3WllLZUVCAR7COxvR0a3Uhx_mZ2vDdMkVoZNCjFs_zJuPVzT1nZqwmRICC0kmMfttZmULiQ_aem_C3gmtTaYODSBYJix6CrNxA\">Lek\u00e1rske potvrdenie o ochoren\u00ed<\/a><\/strong><\/em><br>&#8211; osvojte aktu\u00e1lne <em><strong><a href=\"https:\/\/www.minedu.sk\/data\/att\/7f9\/34256.ee32e6.pdf?fbclid=IwY2xjawMiyyNleHRuA2FlbQIxMABicmlkETAyMk1TczI2WUE3WllLZUVCAR6ABez2SW54lhpJgYXQAyPq-porjNYR4Gu8oXMICyuVHRAHhiUI-6mb5MBMew_aem_FoIXT138406Z4J3Bqjcl-w\">Usmernenie ministra \u0161kolstva<\/a><\/strong><\/em>, ktor\u00e9 nadobudlo \u00fa\u010dinnos\u0165 1. septembra 2025<br>&#8211; sledujte <em><strong><a href=\"https:\/\/login1.edupage.org\/\">EduPage<\/a><\/strong><\/em> (\u00fazku komunik\u00e1ciu so \u0161kolou), aby ste vedeli, v akom RE\u017dIME aktu\u00e1lne Va\u0161a \u0161kola funguje, preto\u017ee pod\u013ea toho budete vedie\u0165, ko\u013eko dn\u00ed m\u00e1te pod\u013ea \u0161kolsk\u00e9ho z\u00e1kona pr\u00e1vo ospravedlni\u0165 absenciu V\u00e1\u0161ho die\u0165a\u0165a Vy ako jeho z\u00e1konn\u00ed z\u00e1stupcovia. &#8222;Pr\u00edsnej\u0161\u00ed re\u017eim&#8220; znamen\u00e1, v porovnan\u00ed s &#8222;vo\u013enej\u0161\u00edm re\u017eimom&#8220;, logicky viac byrokracie a behania po ospravedlnenia od lek\u00e1ra.<\/p>\n\n\n\n<figure class=\"wp-block-image size-full is-resized\"><img decoding=\"async\" loading=\"lazy\" width=\"843\" height=\"527\" src=\"https:\/\/www.detskalekarkaradi.sk\/wp-content\/uploads\/2025\/09\/image-4.jpg\" alt=\"\" class=\"wp-image-2086\" style=\"aspect-ratio:1.5996204933586338;width:609px;height:auto\" srcset=\"https:\/\/www.detskalekarkaradi.sk\/wp-content\/uploads\/2025\/09\/image-4.jpg 843w, https:\/\/www.detskalekarkaradi.sk\/wp-content\/uploads\/2025\/09\/image-4-300x188.jpg 300w, https:\/\/www.detskalekarkaradi.sk\/wp-content\/uploads\/2025\/09\/image-4-768x480.jpg 768w\" sizes=\"(max-width: 843px) 100vw, 843px\" \/><\/figure>\n\n\n\n<p>\ud83d\udccc Ak bude \u0161kola vy\u017eadova\u0165 potvrdenie od lek\u00e1ra pod\u013ea toho, \u010do je uveden\u00e9 na obr\u00e1zku (ke\u010f z\u00e1konn\u00fd z\u00e1stupca v s\u00falade so \u0161kolsk\u00fdm z\u00e1konom u\u017e naplnil mo\u017enos\u0165 ospravedlni\u0165 absenciu 5 pracovn\u00fdch dn\u00ed id\u00facich po sebe u \u0161kol\u00e1ka a 7 u pred\u0161kol\u00e1ka), \u010falej pod\u013ea toho, \u010di \u0161kola ide vo &#8222;vo\u013enej\u0161om&#8220; MODROM alebo &#8222;pr\u00edsnej\u0161om&#8220; \u010cERVENOM RE\u017dIME, tak LEN v t\u00fdchto ni\u017e\u0161ie uveden\u00fdch pr\u00edpadoch (a, b, c) a LEN na pedag\u00f3gom vyplnenom a podp\u00edsanom <em><strong><a href=\"https:\/\/www.minedu.sk\/data\/att\/585\/34255.09689f.pdf?fbclid=IwY2xjawMkEJVleHRuA2FlbQIxMABicmlkETBiMmFjNk9vZG5KM1E3cXhBAR6YLbHWD-Emg2XPQezWva7mkf63WIHMXfwYiX3oBz1ShOXp4iYU9pnlbgZp0Q_aem_dQcUWYu4SIVLE6SAXNep7g\">tla\u010dive<\/a><\/strong><\/em> zo str\u00e1nky M\u0160 SR. <\/p>\n\n\n\n<p>Ak ho nebudete ma\u0165 so sebou, budeme V\u00e1s musie\u0165 po\u0148 posla\u0165 do \u0161koly. M\u00f4\u017eete si ho aj sami vytla\u010di\u0165 a da\u0165 na \u0148om vyplni\u0165 pani u\u010dite\u013eke &#8222;\u010das\u0165 A&#8220;. Lek\u00e1r potom skontroluje, \u010di Va\u0161e die\u0165a bolo alebo nebolo &#8211; v \u0161kolou VYZNA\u010cENOM \u010cASE &#8211; naozaj chor\u00e9 (\u010di sa z\u00e1znam v zdravotnej dokument\u00e1cii o chorobe zhoduje s jeho absenciou v \u0161kole) a pod\u013ea toho vypln\u00ed &#8222;\u010das\u0165 B&#8220;:<\/p>\n\n\n\n<p>a) nepr\u00edtomnos\u0165 <strong><em>presiahla z\u00e1konom ur\u010den\u00fd po\u010det<\/em><\/strong> po sebe nasleduj\u00facich vyu\u010dovac\u00edch dn\u00ed, ktor\u00e9 m\u00f4\u017ee ospravedlni\u0165 z\u00e1konn\u00fd z\u00e1stupca\/ z\u00e1stupca zariadenia \/ plnolet\u00fd \u017eiak,<\/p>\n\n\n\n<p>b) nepr\u00edtomnos\u0165 <strong><em>presiahla z\u00e1konom ur\u010den\u00fd po\u010det<\/em><\/strong> vyu\u010dovac\u00edch dn\u00ed\/hod\u00edn v sledovanom obdob\u00ed, ktor\u00e9 m\u00f4\u017ee ospravedlni\u0165 z\u00e1konn\u00fd z\u00e1stupca\/ z\u00e1stupca zariadenia \/ plnolet\u00fd \u017eiak,<\/p>\n\n\n\n<p>c) <strong><em>\u0161kola vy\u017eaduje<\/em><\/strong> lek\u00e1rske potvrdenie pod\u013ea \u00a7 144 ods. 13 \u0161kolsk\u00e9ho z\u00e1kona v <strong><em>od\u00f4vodnen\u00fdch pr\u00edpadoch<\/em><\/strong>, kedy nepr\u00edtomnos\u0165 nepresiahla po\u010det po sebe nasleduj\u00facich vyu\u010dovac\u00edch dn\u00ed alebo po\u010det vyu\u010dovac\u00edch dn\u00ed\/hod\u00edn, ktor\u00e9 m\u00f4\u017ee ospravedlni\u0165 z\u00e1konn\u00fd z\u00e1stupca\/ z\u00e1stupca zariadenia \/ plnolet\u00fd \u017eiak.<\/p>\n\n\n\n<figure class=\"wp-block-image size-full\"><img decoding=\"async\" loading=\"lazy\" width=\"600\" height=\"375\" src=\"https:\/\/www.detskalekarkaradi.sk\/wp-content\/uploads\/2025\/09\/image-1.png\" alt=\"\" class=\"wp-image-2080\" srcset=\"https:\/\/www.detskalekarkaradi.sk\/wp-content\/uploads\/2025\/09\/image-1.png 600w, https:\/\/www.detskalekarkaradi.sk\/wp-content\/uploads\/2025\/09\/image-1-300x188.png 300w\" sizes=\"(max-width: 600px) 100vw, 600px\" \/><\/figure>\n\n\n\n<p>P.S.: <strong>Hlavn\u00e1 odborn\u00ed\u010dka pre pediatriu pediatrom:<\/strong><br>&#8222;Vystavenie potvrdenia v <strong>&#8222;<em>od\u00f4vodnen\u00fdch pr\u00edpadoch<\/em>&#8222;<\/strong> mus\u00ed by\u0165 naozaj IBA v od\u00f4vodnen\u00fdch a individu\u00e1lnych pr\u00edpadoch. Sem nepatr\u00ed, \u017ee si \u0161kola d\u00e1 do \u0161kolsk\u00e9ho poriadku pravidl\u00e1 pod\u013ea seba. \u0160kola nesmie \u00eds\u0165 nad r\u00e1mec z\u00e1kona &#8211; teda \u017ee by si napr. sama ur\u010dila, \u017ee ospravedlnenia od lek\u00e1ra treba prinies\u0165 po 3 d\u0148och ch\u00fdbania ka\u017ed\u00e9ho \u017eiaka pri ka\u017edej chorobe. Ak by toto od V\u00e1s \u017eiadala, neakceptujte to!&#8220; <\/p>\n\n\n\n<p>&#8212;&#8212;&#8212;&#8212;&#8211;\/\/&#8212;&#8212;&#8212;&#8212;&#8211;\/\/&#8212;&#8212;&#8212;&#8212;<\/p>\n\n\n\n<p><em><strong>Ospravedlnenie die\u0165a\u0165a z\u00e1konn\u00fdm z\u00e1stupcom <\/strong><\/em><strong><em>definuje \u0161kolsk\u00fd z\u00e1kon takto:<\/em><\/strong><\/p>\n\n\n\n<p> <em><strong><a href=\"https:\/\/www.zakonypreludi.sk\/zz\/2008-245#p144\">(\u00a7 144, ods. 11 a 12 z\u00e1kona \u010d. 245\/2008 Z. z.)<\/a><\/strong><\/em><\/p>\n\n\n\n<ul>\n<li>v M\u0160 (t\u00fdka sa <strong><em>iba pred\u0161kol\u00e1kov<\/em><\/strong>) maxim\u00e1lne <strong><em>7 pracovn\u00fdch dn\u00ed id\u00facich po sebe<\/em><\/strong> a <em><strong>spolu v mesiaci najviac 14 pracovn\u00fdch dn\u00ed<\/strong><\/em><\/li>\n\n\n\n<li>v Z\u0160 a na S\u0160 <em>maxim\u00e1lne<\/em> <em><strong>5 vyu\u010dovac\u00edch dn\u00ed id\u00facich po sebe<\/strong><\/em> (<em>v\u00edkendy a sviatky sa nepo\u010d\u00edtaj\u00fa<\/em>) a <strong><em>spolu v mesiaci najviac 10 vyu\u010dovac\u00edch dn\u00ed<\/em><\/strong><\/li>\n<\/ul>\n\n\n\n<p>To znamen\u00e1, \u017ee od 6.\/8. pracovn\u00e9ho d\u0148a, resp. po s\u00fahrnne 10\/14 vyu\u010dovac\u00edch d\u0148och v mesiaci, m\u00e1 \u0161kola pod\u013ea z\u00e1kona pr\u00e1vo vy\u017eadova\u0165 aj ospravedlnenie chor\u00e9ho die\u0165a\u0165a pediatrom.<\/p>\n\n\n\n<p>Pediater vystav\u00ed tla\u010divo \u201e<strong><em>Potvrdenie o chorobe<\/em><\/strong>\u201c (nie z\u00e1pis do \u017eiackej kni\u017eky), ale iba v pr\u00edpade, \u017ee m\u00e1 aj v re\u00e1lnom \u010dase uroben\u00fd o chorobe riadny z\u00e1znam v zdravotnej dokument\u00e1cii.<\/p>\n\n\n\n<p>Vo \u201e<strong><em>v\u00fdnimo\u010dn\u00fdch a osobitne od\u00f4vodnen\u00fdch pr\u00edpadoch<\/em><\/strong>\u201c m\u00f4\u017ee \u0161kola pod\u013ea \u0161kolsk\u00e9ho z\u00e1kona (<em><strong><a href=\"https:\/\/www.zakonypreludi.sk\/zz\/2008-245#p144\">\u00a7 144, ods. 13<\/a><\/strong><\/em>) vy\u017eadova\u0165 lek\u00e1rske potvrdenie o chorobe aj ak ide o nepr\u00edtomnos\u0165 z d\u00f4vodu ochorenia v trvan\u00ed menej ako 5\/7 po sebe nasleduj\u00facich vyu\u010dovac\u00edch dn\u00ed alebo s\u00fahrnne menej ako 10\/14 vyu\u010dovac\u00edch dn\u00ed po\u010das mesiaca. Medzi \u201e<em>v\u00fdnimo\u010dn\u00e9 a osobitne od\u00f4vodnen\u00e9 pr\u00edpady<\/em>\u201c patria najm\u00e4 \u010dast\u00e1 opakovan\u00e1 nepr\u00edtomnos\u0165 die\u0165a\u0165a a okolnosti nasved\u010duj\u00face tomu, \u017ee ochorenie die\u0165a\u0165a je \u00fa\u010delovo zneu\u017e\u00edvan\u00e9 na ospravedlnenie jeho nepr\u00edtomnosti. V takom pr\u00edpade \u0161kola po\u017eiada pediatra o <strong><em>v\u00fdnimku<\/em><\/strong> a po\u0161le mu na potvrdenie u\u017e vyplnen\u00e9 a podp\u00edsan\u00e9 ofici\u00e1lne tla\u010divo \u201e<strong><em>Lek\u00e1rske potvrdenie o chorobe die\u0165a\u0165a\/\u017eiaka<\/em><\/strong>\u201c (vzor vi\u010f v <em>Pr\u00edlohe k <strong><a href=\"https:\/\/www.minedu.sk\/38972-sk\/usmernenie-pre-materske-skoly-zakladne-skoly-a-stredne-skoly-na-zabezpecenie-jednotneho-postupu-pri-ospravedlnovani-nepritomnosti-deti-a-ziakov-v-skole-z-dovodu-ochorenia\/?fbclid=IwY2xjawHg141leHRuA2FlbQIxMAABHfJoiopDwAWiKJmJdHHsJV2YXn_eZwCc4b1KFhEgjd9CUkGHkVPyzVjTxA_aem_cYKu6SUe1mP8JgELeccT0Q\">Usmerneniu M\u0160 SR<\/a><\/strong> na strane <\/em>8).  <\/p>\n\n\n\n<p>&#8212;&#8212;&#8212;&#8212;&#8211;\/\/&#8212;&#8212;&#8212;&#8212;-\/\/&#8212;&#8212;&#8212;&#8212;&#8211;<\/p>\n\n\n\n<p>Pozn\u00e1mka: Absencie <strong><em>\u0161k\u00f4lkarov<\/em><\/strong> (okrem pred\u0161kol\u00e1kov) v M\u0160 <strong><em>ospravedl\u0148uj\u00fa iba rodi\u010dia<\/em><\/strong>. K nahliadnutiu priklad\u00e1m aj <strong><em><a href=\"https:\/\/www.detskalekarkaradi.sk\/wp-content\/uploads\/2024\/05\/RUVZ-ranne-prijimanie-deti-do-MS.pdf\">Odborn\u00e9 usmernenie UVZ SR k rann\u00e9mu prij\u00edmaniu det\u00ed do M\u0160<\/a><\/em><\/strong>, <em>k<\/em> <em><strong>tzv. \u201e<em><strong>rann\u00e9mu filtru<\/strong><\/em>\u201c<\/strong><\/em> <em>zo d\u0148a 18.04.2024<\/em>, pod\u013ea ktor\u00e9ho <em><strong><em><strong><strong><em>\u0161k\u00f4lky nemaj\u00fa \u010do \u017eiada\u0165 od pediatra \u010dastokr\u00e1t zbyto\u010dn\u00e9 v\u00fdtery z krku, nosa a pod.<\/em><\/strong><\/strong><\/em><\/strong><\/em> (\u010do je v plnej kompetencii lek\u00e1ra). <em>\u201e<em>V pr\u00edpade, \u017ee die\u0165a u\u017e napr. aj na druh\u00fd de\u0148 nem\u00e1 pr\u00edznaky choroby, m\u00f4\u017ee by\u0165 prijat\u00e9 do \u0161k\u00f4lky, ak prejde rann\u00fdm filtrom. A ak nie, lie\u010di sa v pr\u00edpade ochorenia doma. <strong>Potvrdenie od lek\u00e1ra sa nevyd\u00e1va!<\/strong><\/em>\u201c<\/em> <em> <\/em><\/p>\n\n\n\n<figure class=\"wp-block-image size-large is-resized\"><img decoding=\"async\" loading=\"lazy\" width=\"1024\" height=\"724\" src=\"https:\/\/www.detskalekarkaradi.sk\/wp-content\/uploads\/2024\/04\/image-5-1024x724.jpg\" alt=\"\" class=\"wp-image-1691\" style=\"aspect-ratio:1.4143646408839778;width:75px;height:auto\" srcset=\"https:\/\/www.detskalekarkaradi.sk\/wp-content\/uploads\/2024\/04\/image-5-1024x724.jpg 1024w, https:\/\/www.detskalekarkaradi.sk\/wp-content\/uploads\/2024\/04\/image-5-300x212.jpg 300w, https:\/\/www.detskalekarkaradi.sk\/wp-content\/uploads\/2024\/04\/image-5-768x543.jpg 768w, https:\/\/www.detskalekarkaradi.sk\/wp-content\/uploads\/2024\/04\/image-5-1200x848.jpg 1200w, https:\/\/www.detskalekarkaradi.sk\/wp-content\/uploads\/2024\/04\/image-5.jpg 1280w\" sizes=\"(max-width: 1024px) 100vw, 1024px\" \/><\/figure>\n\n\n\n<p class=\"has-text-align-center\"><strong>P\u00e9\u010dko<\/strong><\/p>\n\n\n\n<p>Na <strong><em>Priepustke zamestn\u00e1vate\u013ea<\/em><\/strong> potvrdzuje pediater svojou <em><strong>pe\u010diatkou<\/strong><\/em> a <strong><em>podpisom<\/em><\/strong> <em>sprev\u00e1dzanie die\u0165a\u0165a na lek\u00e1rske vy\u0161etrenie<\/em> s uveden\u00edm <em><strong>d\u00e1tumu <\/strong><\/em>a <em><strong>\u010dasu <\/strong><\/em>vy\u0161etrenia.  Tak\u00e9to vy\u0161etrenie patr\u00ed medzi <em><strong>&#8222;d\u00f4le\u017eit\u00e9 osobn\u00e9 prek\u00e1\u017eky v pr\u00e1ci na strane zamestnanca&#8220;<\/strong><\/em>, ktor\u00e9 upravuje&nbsp;<strong><em><a href=\"https:\/\/www.profesia.sk\/kariera-v-kocke\/legislativa\/311-2001\/141-dolezite-osobne-prekazky-v-praci\/\">\u00a7 141 ods. 2 Z\u00e1konn\u00edka pr\u00e1ce<\/a><\/em><\/strong>. <\/p>\n\n\n\n<p><strong><em>Pracovn\u00e9 vo\u013eno s n\u00e1hradou mzdy<\/em><\/strong> sa poskytne len, ak: <\/p>\n\n\n\n<p><em><strong>1.)<\/strong> bolo sprev\u00e1dzanie nevyhnutn\u00e9<\/em>,  <\/p>\n\n\n\n<p><strong><em>2.) <\/em><\/strong><em>vy\u0161etrenie nebolo mo\u017en\u00e9 vykona\u0165 mimo pracovn\u00e9ho \u010dasu sprev\u00e1dzaj\u00facej osoby<\/em>, <\/p>\n\n\n\n<p><strong><em>3.)<\/em><\/strong> <em>len na nevyhnutne potrebn\u00fd \u010das<\/em>, <\/p>\n\n\n\n<p><strong><em>4.)<\/em><\/strong> <em>len jedn\u00e9mu z rodi\u010dov<\/em>.<\/p>\n\n\n\n<p>P.S.: <em><strong>Neznalos\u0165 z\u00e1kona neospravedl\u0148uje.<\/strong><\/em> Inak, ako pod\u013ea z\u00e1kona, lek\u00e1r &#8222;P-\u010dko&#8220; vystavi\u0165 nem\u00f4\u017ee. Nav\u00e1dzanie na vystavenie &#8222;P-\u010dka&#8220; bez <em><strong>od\u00f4vodnen\u00e9ho sprev\u00e1dzania<\/strong><\/em> chor\u00e9ho die\u0165a\u0165a v <em><strong>re\u00e1lnom \u010dase<\/strong><\/em> na lek\u00e1rske vy\u0161etrenie, s riadnym <em><strong>zaznamom o tom v zdravotnej dokument\u00e1cii<\/strong><\/em>, je nav\u00e1dzanie na podvod a to je trestn\u00fd \u010din! <\/p>\n\n\n\n<figure class=\"wp-block-image size-large is-resized\"><img decoding=\"async\" loading=\"lazy\" width=\"1024\" height=\"724\" src=\"https:\/\/www.detskalekarkaradi.sk\/wp-content\/uploads\/2024\/04\/image-5-1024x724.jpg\" alt=\"\" class=\"wp-image-1691\" style=\"aspect-ratio:1.4143646408839778;width:75px;height:auto\" srcset=\"https:\/\/www.detskalekarkaradi.sk\/wp-content\/uploads\/2024\/04\/image-5-1024x724.jpg 1024w, https:\/\/www.detskalekarkaradi.sk\/wp-content\/uploads\/2024\/04\/image-5-300x212.jpg 300w, https:\/\/www.detskalekarkaradi.sk\/wp-content\/uploads\/2024\/04\/image-5-768x543.jpg 768w, https:\/\/www.detskalekarkaradi.sk\/wp-content\/uploads\/2024\/04\/image-5-1200x848.jpg 1200w, https:\/\/www.detskalekarkaradi.sk\/wp-content\/uploads\/2024\/04\/image-5.jpg 1280w\" sizes=\"(max-width: 1024px) 100vw, 1024px\" \/><\/figure>\n\n\n\n<p class=\"has-text-align-center\"><strong>O\u010cR z d\u00f4vodu uzavretia \u0161koly<\/strong><\/p>\n\n\n\n<p>Na <em><strong><a href=\"https:\/\/www.socpoist.sk\/news\/socialna-poistovna-pripomina-rodicom-ziadost-o-osetrovne-z-dovodu-uzavretia-skoly-nevystavuje?fbclid=IwZXh0bgNhZW0CMTAAAR386bYFworaeoFudDkJwf3CZKcjFmE_3-_viSmmm9k6Qo7mf_RDJNAZPaU_aem_1Lfo2w3fS22uJvwzjPyQQw\">internetovej str\u00e1nke<\/a><\/strong><\/em> Soci\u00e1lnej pois\u0165ovne (SP) Je k dispoz\u00edcii <strong><em>\u017eiados\u0165 o o\u0161etrovn\u00e9 z d\u00f4vodu uzavretia \u0161koly<\/em><\/strong>, ktor\u00fa si vypl\u0148uje a pod\u00e1va v SP rodi\u010d s\u00e1m, potvrdzuje ju \u0161kola a pokia\u013e je rodi\u010d v zamestnaneckom vz\u0165ahu, aj zamestn\u00e1vate\u013e. Nedajte sa pom\u00fdli\u0165. <strong><em>Pediatri s t\u00fdm ni\u010d nemaj\u00fa.<\/em><\/strong> Lek\u00e1ri vystavuj\u00fa tla\u010divo \u017eiadosti o o\u0161etrovn\u00e9 ako v\u017edy, len v pr\u00edpade choroby.<\/p>\n\n\n\n<p>PODMIENKOU na z\u00edskanie finan\u010dn\u00e9ho pr\u00edspevku je &#8222;<em>okrem osobnej a celodennej starostlivosti aj nedosahovanie pr\u00edjmu, ktor\u00fd tvor\u00ed vymeriavac\u00ed z\u00e1klad za obdobie trvania d\u00f4vodu na poskytnutie o\u0161etrovn\u00e9ho<\/em>.&#8220;<\/p>\n\n\n\n<p>N\u00c1ROK na finan\u010dn\u00fd pr\u00edspevok maj\u00fa rodi\u010dia <em>iba raz<\/em>, a to <em>najviac na 14 dn\u00ed<\/em>.<\/p>\n\n\n\n\n\n\n\n<p><img decoding=\"async\" src=\"https:\/\/www.detskalekarkaradi.sk\/wp-content\/uploads\/2024\/04\/image-5-1024x724.jpg\" alt=\"Tento obr\u00e1zok nem\u00e1 vyplnen\u00fd ALT popisok, jeho n\u00e1zov je image-5-1024x724.jpg\" style=\"width: 1px;\"><\/p>\n","protected":false},"excerpt":{"rendered":"<p>Mil\u00ed rodi\u010dia det\u00ed s povinnou \u0161kolskou doch\u00e1dzkou, pros\u00edm V\u00e1s, vyzbrojte sa trpezlivos\u0165ou. Lek\u00e1ri nemaj\u00fa pr\u00edstup k EduPage, preto sa zdr\u017eiava\u0165 zlo\u017eit\u00fdmi v\u00fdpo\u010dtami dn\u00ed NEBUD\u00da. Aby ste si \u0161etrili svoj vz\u00e1cny \u010das, dobre si:&#8211; v\u0161imnite tla\u010divo z webovej str\u00e1nky M\u0160 SR &#8211; Lek\u00e1rske potvrdenie o ochoren\u00ed&#8211; osvojte aktu\u00e1lne Usmernenie ministra \u0161kolstva, ktor\u00e9 nadobudlo \u00fa\u010dinnos\u0165 1. septembra [&hellip;]<\/p>\n","protected":false},"author":1,"featured_media":0,"parent":0,"menu_order":0,"comment_status":"closed","ping_status":"closed","template":"","meta":{"footnotes":""},"yoast_head":"<!-- This site is optimized with the Yoast SEO plugin v20.3 - https:\/\/yoast.com\/wordpress\/plugins\/seo\/ -->\n<title>Ospravedlnenky,                 P\u00e9\u010dka a O\u010cR - Detsk\u00e1 lek\u00e1rka rad\u00ed<\/title>\n<meta name=\"robots\" content=\"index, follow, max-snippet:-1, max-image-preview:large, max-video-preview:-1\" \/>\n<link rel=\"canonical\" href=\"https:\/\/www.detskalekarkaradi.sk\/?page_id=255\" \/>\n<meta property=\"og:locale\" content=\"sk_SK\" \/>\n<meta property=\"og:type\" content=\"article\" \/>\n<meta property=\"og:title\" content=\"Ospravedlnenky,                 P\u00e9\u010dka a O\u010cR - Detsk\u00e1 lek\u00e1rka rad\u00ed\" \/>\n<meta property=\"og:description\" content=\"Mil\u00ed rodi\u010dia det\u00ed s povinnou \u0161kolskou doch\u00e1dzkou, pros\u00edm V\u00e1s, vyzbrojte sa trpezlivos\u0165ou. Lek\u00e1ri nemaj\u00fa pr\u00edstup k EduPage, preto sa zdr\u017eiava\u0165 zlo\u017eit\u00fdmi v\u00fdpo\u010dtami dn\u00ed NEBUD\u00da. Aby ste si \u0161etrili svoj vz\u00e1cny \u010das, dobre si:&#8211; v\u0161imnite tla\u010divo z webovej str\u00e1nky M\u0160 SR &#8211; Lek\u00e1rske potvrdenie o ochoren\u00ed&#8211; osvojte aktu\u00e1lne Usmernenie ministra \u0161kolstva, ktor\u00e9 nadobudlo \u00fa\u010dinnos\u0165 1. septembra [&hellip;]\" \/>\n<meta property=\"og:url\" content=\"https:\/\/www.detskalekarkaradi.sk\/?page_id=255\" \/>\n<meta property=\"og:site_name\" content=\"Detsk\u00e1 lek\u00e1rka rad\u00ed\" \/>\n<meta property=\"article:modified_time\" content=\"2025-09-08T18:57:37+00:00\" \/>\n<meta property=\"og:image\" content=\"https:\/\/www.detskalekarkaradi.sk\/wp-content\/uploads\/2024\/04\/image-8.jpg\" \/>\n<meta name=\"twitter:card\" content=\"summary_large_image\" \/>\n<meta name=\"twitter:label1\" content=\"Predpokladan\u00fd \u010das \u010d\u00edtania\" \/>\n\t<meta name=\"twitter:data1\" content=\"7 min\u00fat\" \/>\n<script type=\"application\/ld+json\" class=\"yoast-schema-graph\">{\"@context\":\"https:\/\/schema.org\",\"@graph\":[{\"@type\":\"WebPage\",\"@id\":\"https:\/\/www.detskalekarkaradi.sk\/?page_id=255\",\"url\":\"https:\/\/www.detskalekarkaradi.sk\/?page_id=255\",\"name\":\"Ospravedlnenky, P\u00e9\u010dka a O\u010cR - Detsk\u00e1 lek\u00e1rka rad\u00ed\",\"isPartOf\":{\"@id\":\"https:\/\/www.detskalekarkaradi.sk\/#website\"},\"datePublished\":\"2023-03-14T20:15:45+00:00\",\"dateModified\":\"2025-09-08T18:57:37+00:00\",\"breadcrumb\":{\"@id\":\"https:\/\/www.detskalekarkaradi.sk\/?page_id=255#breadcrumb\"},\"inLanguage\":\"sk-SK\",\"potentialAction\":[{\"@type\":\"ReadAction\",\"target\":[\"https:\/\/www.detskalekarkaradi.sk\/?page_id=255\"]}]},{\"@type\":\"BreadcrumbList\",\"@id\":\"https:\/\/www.detskalekarkaradi.sk\/?page_id=255#breadcrumb\",\"itemListElement\":[{\"@type\":\"ListItem\",\"position\":1,\"name\":\"Home\",\"item\":\"https:\/\/www.detskalekarkaradi.sk\/\"},{\"@type\":\"ListItem\",\"position\":2,\"name\":\"Ospravedlnenky, P\u00e9\u010dka a O\u010cR\"}]},{\"@type\":\"WebSite\",\"@id\":\"https:\/\/www.detskalekarkaradi.sk\/#website\",\"url\":\"https:\/\/www.detskalekarkaradi.sk\/\",\"name\":\"Detsk\u00e1 lek\u00e1rka rad\u00ed\",\"description\":\"\",\"potentialAction\":[{\"@type\":\"SearchAction\",\"target\":{\"@type\":\"EntryPoint\",\"urlTemplate\":\"https:\/\/www.detskalekarkaradi.sk\/?s={search_term_string}\"},\"query-input\":\"required name=search_term_string\"}],\"inLanguage\":\"sk-SK\"}]}<\/script>\n<!-- \/ Yoast SEO plugin. -->","yoast_head_json":{"title":"Ospravedlnenky,                 P\u00e9\u010dka a O\u010cR - Detsk\u00e1 lek\u00e1rka rad\u00ed","robots":{"index":"index","follow":"follow","max-snippet":"max-snippet:-1","max-image-preview":"max-image-preview:large","max-video-preview":"max-video-preview:-1"},"canonical":"https:\/\/www.detskalekarkaradi.sk\/?page_id=255","og_locale":"sk_SK","og_type":"article","og_title":"Ospravedlnenky,                 P\u00e9\u010dka a O\u010cR - Detsk\u00e1 lek\u00e1rka rad\u00ed","og_description":"Mil\u00ed rodi\u010dia det\u00ed s povinnou \u0161kolskou doch\u00e1dzkou, pros\u00edm V\u00e1s, vyzbrojte sa trpezlivos\u0165ou. Lek\u00e1ri nemaj\u00fa pr\u00edstup k EduPage, preto sa zdr\u017eiava\u0165 zlo\u017eit\u00fdmi v\u00fdpo\u010dtami dn\u00ed NEBUD\u00da. Aby ste si \u0161etrili svoj vz\u00e1cny \u010das, dobre si:&#8211; v\u0161imnite tla\u010divo z webovej str\u00e1nky M\u0160 SR &#8211; Lek\u00e1rske potvrdenie o ochoren\u00ed&#8211; osvojte aktu\u00e1lne Usmernenie ministra \u0161kolstva, ktor\u00e9 nadobudlo \u00fa\u010dinnos\u0165 1. septembra [&hellip;]","og_url":"https:\/\/www.detskalekarkaradi.sk\/?page_id=255","og_site_name":"Detsk\u00e1 lek\u00e1rka rad\u00ed","article_modified_time":"2025-09-08T18:57:37+00:00","og_image":[{"url":"https:\/\/www.detskalekarkaradi.sk\/wp-content\/uploads\/2024\/04\/image-8.jpg"}],"twitter_card":"summary_large_image","twitter_misc":{"Predpokladan\u00fd \u010das \u010d\u00edtania":"7 min\u00fat"},"schema":{"@context":"https:\/\/schema.org","@graph":[{"@type":"WebPage","@id":"https:\/\/www.detskalekarkaradi.sk\/?page_id=255","url":"https:\/\/www.detskalekarkaradi.sk\/?page_id=255","name":"Ospravedlnenky, P\u00e9\u010dka a O\u010cR - Detsk\u00e1 lek\u00e1rka rad\u00ed","isPartOf":{"@id":"https:\/\/www.detskalekarkaradi.sk\/#website"},"datePublished":"2023-03-14T20:15:45+00:00","dateModified":"2025-09-08T18:57:37+00:00","breadcrumb":{"@id":"https:\/\/www.detskalekarkaradi.sk\/?page_id=255#breadcrumb"},"inLanguage":"sk-SK","potentialAction":[{"@type":"ReadAction","target":["https:\/\/www.detskalekarkaradi.sk\/?page_id=255"]}]},{"@type":"BreadcrumbList","@id":"https:\/\/www.detskalekarkaradi.sk\/?page_id=255#breadcrumb","itemListElement":[{"@type":"ListItem","position":1,"name":"Home","item":"https:\/\/www.detskalekarkaradi.sk\/"},{"@type":"ListItem","position":2,"name":"Ospravedlnenky, P\u00e9\u010dka a O\u010cR"}]},{"@type":"WebSite","@id":"https:\/\/www.detskalekarkaradi.sk\/#website","url":"https:\/\/www.detskalekarkaradi.sk\/","name":"Detsk\u00e1 lek\u00e1rka rad\u00ed","description":"","potentialAction":[{"@type":"SearchAction","target":{"@type":"EntryPoint","urlTemplate":"https:\/\/www.detskalekarkaradi.sk\/?s={search_term_string}"},"query-input":"required name=search_term_string"}],"inLanguage":"sk-SK"}]}},"_links":{"self":[{"href":"https:\/\/www.detskalekarkaradi.sk\/index.php?rest_route=\/wp\/v2\/pages\/255"}],"collection":[{"href":"https:\/\/www.detskalekarkaradi.sk\/index.php?rest_route=\/wp\/v2\/pages"}],"about":[{"href":"https:\/\/www.detskalekarkaradi.sk\/index.php?rest_route=\/wp\/v2\/types\/page"}],"author":[{"embeddable":true,"href":"https:\/\/www.detskalekarkaradi.sk\/index.php?rest_route=\/wp\/v2\/users\/1"}],"replies":[{"embeddable":true,"href":"https:\/\/www.detskalekarkaradi.sk\/index.php?rest_route=%2Fwp%2Fv2%2Fcomments&post=255"}],"version-history":[{"count":5,"href":"https:\/\/www.detskalekarkaradi.sk\/index.php?rest_route=\/wp\/v2\/pages\/255\/revisions"}],"predecessor-version":[{"id":2104,"href":"https:\/\/www.detskalekarkaradi.sk\/index.php?rest_route=\/wp\/v2\/pages\/255\/revisions\/2104"}],"wp:attachment":[{"href":"https:\/\/www.detskalekarkaradi.sk\/index.php?rest_route=%2Fwp%2Fv2%2Fmedia&parent=255"}],"curies":[{"name":"wp","href":"https:\/\/api.w.org\/{rel}","templated":true}]}}