{"id":130,"date":"2023-02-23T11:41:14","date_gmt":"2023-02-23T10:41:14","guid":{"rendered":"https:\/\/www.detskalekarkaradi.sk\/?page_id=130"},"modified":"2024-06-12T21:16:13","modified_gmt":"2024-06-12T19:16:13","slug":"potvrdenia","status":"publish","type":"page","link":"https:\/\/www.detskalekarkaradi.sk\/?page_id=130","title":{"rendered":"Potvrdenia"},"content":{"rendered":"\n<p><em>Preto\u017ee si cen\u00edme Va\u0161u energiu a&nbsp;\u010das, chceme V\u00e1s u\u0161etri\u0165 zbyto\u010dnej n\u00e1v\u0161tevy lek\u00e1ra \u201elen pre potvrdenie\u201c a&nbsp;preto V\u00e1m d\u00e1vame do pozornosti zmeny v&nbsp;legislat\u00edve, ktor\u00fdmi sa n\u00e1s, pediatrov, sna\u017e\u00ed \u0161t\u00e1t odbremeni\u0165 od rozbujnenej byrokracie. Na na\u0161ej webovej str\u00e1nke budete, okrem in\u00e9ho, v\u017edy aktu\u00e1lne informovan\u00ed aj o&nbsp;tak\u00fdchto legislat\u00edvnych zmen\u00e1ch.<\/em><\/p>\n\n\n\n<figure class=\"wp-block-image size-full is-resized\"><img decoding=\"async\" loading=\"lazy\" width=\"130\" height=\"91\" src=\"https:\/\/www.detskalekarkaradi.sk\/wp-content\/uploads\/2024\/04\/image-5.png\" alt=\"\" class=\"wp-image-1715\" style=\"aspect-ratio:1.4285714285714286;width:71px;height:auto\"\/><\/figure>\n\n\n\n<p class=\"has-text-align-center\">&nbsp;<em><strong>Potvrdenie o zdravotnej sp\u00f4sobilosti&nbsp;na zotavovacie podujatie<\/strong><\/em><\/p>\n\n\n\n<p>Od 1.1.2024 je v platnosti zmena&nbsp;<a href=\"https:\/\/www.zakonypreludi.sk\/zz\/2007-526\"><em>Vyhl\u00e1\u0161ky \u010d. 526\/2007 Z.z.<\/em><\/a>&nbsp;MZ SR, pod\u013ea ktorej u\u017e <strong>pediatri tak\u00e9to potvrdenia (na ly\u017eiarsky, plaveck\u00fd v\u00fdcvik, \u0161kolu v&nbsp;pr\u00edrode, detsk\u00e9 t\u00e1bory, \u0161kolsk\u00e9 v\u00fdlety a&nbsp;pod.) NEVYD\u00c1VAJ\u00da. <\/strong>Vyhl\u00e1senie o zdravotnej sp\u00f4sobilosti, ktor\u00e9 nesmie by\u0165 star\u0161ie ako jeden de\u0148 pred n\u00e1stupom na zotavovacie podujatie,&nbsp;<strong>vypl\u0148uje a potvrdzuje RODI\u010c svoj\u00edm podpisom<\/strong>. Vzor vyhl\u00e1senia z\u00e1konn\u00e9ho z\u00e1stupcu o zdravotnej sp\u00f4sobilosti die\u0165a\u0165a je uveden\u00fd v&nbsp;<a href=\"https:\/\/www.zakonypreludi.sk\/disk\/zz\/file\/2007\/2007c221z0526_2023c000z0513p001.pdf\"><em>Pr\u00edlohe \u010d. 1<\/em><\/a> k uvedenej vyhl\u00e1\u0161ke \u010d. 526\/2007 Z.z. To znamen\u00e1, \u017ee&nbsp;zodpovednos\u0165 pos\u00fadi\u0165 zdravotn\u00fa sp\u00f4sobilos\u0165 svojho die\u0165a\u0165a zost\u00e1va na rodi\u010doch.<\/p>\n\n\n\n<figure class=\"wp-block-image size-full is-resized\"><img decoding=\"async\" loading=\"lazy\" width=\"130\" height=\"91\" src=\"https:\/\/www.detskalekarkaradi.sk\/wp-content\/uploads\/2024\/04\/image-6.png\" alt=\"\" class=\"wp-image-1716\" style=\"aspect-ratio:1.4285714285714286;width:74px;height:auto\"\/><\/figure>\n\n\n\n<p class=\"has-text-align-center\"><em><strong>Potvrdenie o zdravotnej sp\u00f4sobilosti pre \u0161port<\/strong><\/em><\/p>\n\n\n\n<p>Pod\u013ea&nbsp;<a href=\"https:\/\/www.epi.sk\/zz\/2016-51\"><em>Vyhl\u00e1\u0161ky \u010d. 51\/2016 Z. z.<\/em><\/a>&nbsp;M\u0160VVa\u0160 SR&nbsp;m\u00f4\u017ee <strong>pediater<\/strong> vykon\u00e1va\u0165 lek\u00e1rsku prehliadku na ur\u010denie zdravotnej sp\u00f4sobilosti pre \u0161port&nbsp; <strong>LEN pod podmienkou<\/strong>, \u017ee je schopn\u00fd zabezpe\u010di\u0165 k nej aj spirometriu, ergometriu a 12 zvodov\u00e9 EKG. Ke\u010f\u017ee pediatri tak\u00fdmito mo\u017enos\u0165ami nedisponuj\u00fa &nbsp;(s\u00fa nad r\u00e1mec na\u0161ich kompetenci\u00ed), bolo by toto potvrdenie od n\u00e1s v nes\u00falade s platnou s\u00fa\u010dasnou legislat\u00edvou. \u0160K by mali ma\u0165 pre \u201e<em>profesion\u00e1lnych<\/em>\u201c a \u201e<em>talentovan\u00fdch \u0161portovcov<\/em>\u201c, zazmluvnen\u00fdch&nbsp;<strong>telov\u00fdchovn\u00fdch lek\u00e1rov<\/strong>, ktor\u00ed \u0161tandardy pre Potvrdenie o ZS pre \u0161port sp\u013a\u0148aj\u00fa, maj\u00fa k tomu pr\u00edslu\u0161n\u00fa \u0161pecializ\u00e1ciu a materi\u00e1lno-technick\u00e9 zabezpe\u010denie ambulancie. V z\u00e1ujme bezpe\u010dnosti a&nbsp;ochrany zdravia \u0161portuj\u00facich det\u00ed by na tom malo z\u00e1le\u017ea\u0165 aj ich rodi\u010dom.<\/p>\n\n\n\n<figure class=\"wp-block-image size-full is-resized\"><img decoding=\"async\" loading=\"lazy\" width=\"261\" height=\"196\" src=\"https:\/\/www.detskalekarkaradi.sk\/wp-content\/uploads\/2024\/04\/image-3.png\" alt=\"\" class=\"wp-image-1663\" style=\"aspect-ratio:1.3316326530612246;width:364px;height:auto\"\/><\/figure>\n\n\n\n<figure class=\"wp-block-image size-full is-resized\"><img decoding=\"async\" loading=\"lazy\" width=\"261\" height=\"196\" src=\"https:\/\/www.detskalekarkaradi.sk\/wp-content\/uploads\/2024\/04\/image-4.png\" alt=\"\" class=\"wp-image-1666\" style=\"aspect-ratio:1.3316326530612246;width:366px;height:auto\"\/><\/figure>\n\n\n\n<figure class=\"wp-block-image size-full is-resized\"><img decoding=\"async\" loading=\"lazy\" width=\"130\" height=\"91\" src=\"https:\/\/www.detskalekarkaradi.sk\/wp-content\/uploads\/2024\/04\/image-7.png\" alt=\"\" class=\"wp-image-1717\" style=\"aspect-ratio:1.4285714285714286;width:73px;height:auto\"\/><\/figure>\n\n\n\n<p class=\"has-text-align-center\"><em><strong>Potvrdenie o bezinfek\u010dnosti<\/strong><\/em><\/p>\n\n\n\n<p class=\"has-text-align-left\">Napr. &#8222;<em>Potvrdenie, \u017ee die\u0165a u\u017e nem\u00e1 v\u0161i, resp. in\u00e9 prenosn\u00e9 ochorenie<\/em>&#8222;<strong> <\/strong> &#8211; stanovisko v\u00fdboru SSPPS a UVZ k t\u00fdmto potvrdeniam: <\/p>\n\n\n\n<p><strong>V\u00a0nov\u00fdch legislat\u00edvnych \u00faprav\u00e1ch bola t\u00e1to povinnos\u0165 pre pediatrov odstr\u00e1nen\u00e1<\/strong>. V s\u00fa\u010dasnosti neexistuje legislat\u00edvna norma, ktor\u00e1 by lek\u00e1rom d\u00e1vala povinnos\u0165 tak\u00e9to potvrdenie vyd\u00e1va\u0165. <strong>T\u00fato povinnos\u0165 m\u00e1 RODI\u010c na z\u00e1klade z\u00e1kona \u010d. 355 o verejnom zdrav\u00ed<\/strong><em> (vi\u010f aktu\u00e1lne platn\u00fd<\/em> <em><a href=\"https:\/\/www.zakonypreludi.sk\/zz\/2007-355\">z\u00e1kon 355\/2007 Z. z. o ochrane, podpore a rozvoji verejn\u00e9ho zdravia a o zmene a doplnen\u00ed niektor\u00fdch z\u00e1konov<\/a><\/em> <em>&#8211; \u00fa\u010dinnos\u0165 od 21.7.2020<\/em>). Ak \u0161kola potvrdenie vy\u017eaduje, rodi\u010d predlo\u017e\u00ed pri n\u00e1stupe do \u0161koly vyhl\u00e1senie, \u017ee die\u0165a nem\u00e1 prenosn\u00e9 ochorenie &#8211; \u010do <strong>pedikul\u00f3za (v\u0161i)<\/strong>, ale napr. aj <strong>varicella (ov\u010die kiahne)<\/strong> &#8211; je. Na na\u0161ej str\u00e1nke <a href=\"https:\/\/www.detskalekarkaradi.sk\/?p=79\">tu<\/a>, pri ov\u010d\u00edch kiah\u0148ach, je jasne uveden\u00e9, kedy prestan\u00fa by\u0165 infek\u010dn\u00e9. <\/p>\n\n\n\n<p class=\"has-text-align-center\">Stanovisko UVZ k vy\u0161\u0161ie uveden\u00e9mu n\u00e1vrhu SSPPS: <\/p>\n\n\n\n<p>\u201e<em>Vami predlo\u017een\u00fd materi\u00e1l je z h\u013eadiska ochrany zdravia det\u00ed komplexne vypracovan\u00fd, na vysokej odbornej \u00farovni. Algoritmus pre v\u00fdkon rann\u00e9ho filtra bude v\u00fdznamnou metodickou pom\u00f4ckou pre pedagogick\u00fdch pracovn\u00edkov matersk\u00fdch \u0161k\u00f4l s cie\u013eom objekt\u00edvne zhodnoti\u0165 aktu\u00e1lny zdravotn\u00fd stav die\u0165a\u0165a v \u010dase v\u00fdkonu rann\u00e9ho filtra. V zmysle uveden\u00e9ho k materi\u00e1lu nem\u00e1me \u017eiadne odborn\u00e9 ani form\u00e1lne pripomienky a s jeho znen\u00edm v plnom rozsahu s\u00fahlas\u00edme. S pozdravom Doc. MUDr. Jana Hamade, PhD., MPH, MHA, ved\u00faca sekcie ochrany a podpory zdravia a \u0161pecializovan\u00fdch \u010dinnost\u00ed, \u00darad verejn\u00e9ho zdravotn\u00edctva SR, Trnavsk\u00e1 cesta 52, 826 45 Bratislava<\/em>\u201c<\/p>\n","protected":false},"excerpt":{"rendered":"<p>Preto\u017ee si cen\u00edme Va\u0161u energiu a&nbsp;\u010das, chceme V\u00e1s u\u0161etri\u0165 zbyto\u010dnej n\u00e1v\u0161tevy lek\u00e1ra \u201elen pre potvrdenie\u201c a&nbsp;preto V\u00e1m d\u00e1vame do pozornosti zmeny v&nbsp;legislat\u00edve, ktor\u00fdmi sa n\u00e1s, pediatrov, sna\u017e\u00ed \u0161t\u00e1t odbremeni\u0165 od rozbujnenej byrokracie. Na na\u0161ej webovej str\u00e1nke budete, okrem in\u00e9ho, v\u017edy aktu\u00e1lne informovan\u00ed aj o&nbsp;tak\u00fdchto legislat\u00edvnych zmen\u00e1ch. &nbsp;Potvrdenie o zdravotnej sp\u00f4sobilosti&nbsp;na zotavovacie podujatie Od 1.1.2024 je [&hellip;]<\/p>\n","protected":false},"author":1,"featured_media":0,"parent":0,"menu_order":0,"comment_status":"closed","ping_status":"closed","template":"","meta":{"footnotes":""},"yoast_head":"<!-- This site is optimized with the Yoast SEO plugin v20.3 - https:\/\/yoast.com\/wordpress\/plugins\/seo\/ -->\n<title>Potvrdenia - Detsk\u00e1 lek\u00e1rka rad\u00ed<\/title>\n<meta name=\"robots\" content=\"index, follow, max-snippet:-1, max-image-preview:large, max-video-preview:-1\" \/>\n<link rel=\"canonical\" href=\"https:\/\/www.detskalekarkaradi.sk\/?page_id=130\" \/>\n<meta property=\"og:locale\" content=\"sk_SK\" \/>\n<meta property=\"og:type\" content=\"article\" \/>\n<meta property=\"og:title\" content=\"Potvrdenia - Detsk\u00e1 lek\u00e1rka rad\u00ed\" \/>\n<meta property=\"og:description\" content=\"Preto\u017ee si cen\u00edme Va\u0161u energiu a&nbsp;\u010das, chceme V\u00e1s u\u0161etri\u0165 zbyto\u010dnej n\u00e1v\u0161tevy lek\u00e1ra \u201elen pre potvrdenie\u201c a&nbsp;preto V\u00e1m d\u00e1vame do pozornosti zmeny v&nbsp;legislat\u00edve, ktor\u00fdmi sa n\u00e1s, pediatrov, sna\u017e\u00ed \u0161t\u00e1t odbremeni\u0165 od rozbujnenej byrokracie. Na na\u0161ej webovej str\u00e1nke budete, okrem in\u00e9ho, v\u017edy aktu\u00e1lne informovan\u00ed aj o&nbsp;tak\u00fdchto legislat\u00edvnych zmen\u00e1ch. &nbsp;Potvrdenie o zdravotnej sp\u00f4sobilosti&nbsp;na zotavovacie podujatie Od 1.1.2024 je [&hellip;]\" \/>\n<meta property=\"og:url\" content=\"https:\/\/www.detskalekarkaradi.sk\/?page_id=130\" \/>\n<meta property=\"og:site_name\" content=\"Detsk\u00e1 lek\u00e1rka rad\u00ed\" \/>\n<meta property=\"article:modified_time\" content=\"2024-06-12T19:16:13+00:00\" \/>\n<meta property=\"og:image\" content=\"https:\/\/www.detskalekarkaradi.sk\/wp-content\/uploads\/2024\/04\/image-5.png\" \/>\n<meta name=\"twitter:card\" content=\"summary_large_image\" \/>\n<meta name=\"twitter:label1\" content=\"Predpokladan\u00fd \u010das \u010d\u00edtania\" \/>\n\t<meta name=\"twitter:data1\" content=\"4 min\u00faty\" \/>\n<script type=\"application\/ld+json\" class=\"yoast-schema-graph\">{\"@context\":\"https:\/\/schema.org\",\"@graph\":[{\"@type\":\"WebPage\",\"@id\":\"https:\/\/www.detskalekarkaradi.sk\/?page_id=130\",\"url\":\"https:\/\/www.detskalekarkaradi.sk\/?page_id=130\",\"name\":\"Potvrdenia - Detsk\u00e1 lek\u00e1rka rad\u00ed\",\"isPartOf\":{\"@id\":\"https:\/\/www.detskalekarkaradi.sk\/#website\"},\"datePublished\":\"2023-02-23T10:41:14+00:00\",\"dateModified\":\"2024-06-12T19:16:13+00:00\",\"breadcrumb\":{\"@id\":\"https:\/\/www.detskalekarkaradi.sk\/?page_id=130#breadcrumb\"},\"inLanguage\":\"sk-SK\",\"potentialAction\":[{\"@type\":\"ReadAction\",\"target\":[\"https:\/\/www.detskalekarkaradi.sk\/?page_id=130\"]}]},{\"@type\":\"BreadcrumbList\",\"@id\":\"https:\/\/www.detskalekarkaradi.sk\/?page_id=130#breadcrumb\",\"itemListElement\":[{\"@type\":\"ListItem\",\"position\":1,\"name\":\"Home\",\"item\":\"https:\/\/www.detskalekarkaradi.sk\/\"},{\"@type\":\"ListItem\",\"position\":2,\"name\":\"Potvrdenia\"}]},{\"@type\":\"WebSite\",\"@id\":\"https:\/\/www.detskalekarkaradi.sk\/#website\",\"url\":\"https:\/\/www.detskalekarkaradi.sk\/\",\"name\":\"Detsk\u00e1 lek\u00e1rka rad\u00ed\",\"description\":\"\",\"potentialAction\":[{\"@type\":\"SearchAction\",\"target\":{\"@type\":\"EntryPoint\",\"urlTemplate\":\"https:\/\/www.detskalekarkaradi.sk\/?s={search_term_string}\"},\"query-input\":\"required name=search_term_string\"}],\"inLanguage\":\"sk-SK\"}]}<\/script>\n<!-- \/ Yoast SEO plugin. -->","yoast_head_json":{"title":"Potvrdenia - Detsk\u00e1 lek\u00e1rka rad\u00ed","robots":{"index":"index","follow":"follow","max-snippet":"max-snippet:-1","max-image-preview":"max-image-preview:large","max-video-preview":"max-video-preview:-1"},"canonical":"https:\/\/www.detskalekarkaradi.sk\/?page_id=130","og_locale":"sk_SK","og_type":"article","og_title":"Potvrdenia - Detsk\u00e1 lek\u00e1rka rad\u00ed","og_description":"Preto\u017ee si cen\u00edme Va\u0161u energiu a&nbsp;\u010das, chceme V\u00e1s u\u0161etri\u0165 zbyto\u010dnej n\u00e1v\u0161tevy lek\u00e1ra \u201elen pre potvrdenie\u201c a&nbsp;preto V\u00e1m d\u00e1vame do pozornosti zmeny v&nbsp;legislat\u00edve, ktor\u00fdmi sa n\u00e1s, pediatrov, sna\u017e\u00ed \u0161t\u00e1t odbremeni\u0165 od rozbujnenej byrokracie. Na na\u0161ej webovej str\u00e1nke budete, okrem in\u00e9ho, v\u017edy aktu\u00e1lne informovan\u00ed aj o&nbsp;tak\u00fdchto legislat\u00edvnych zmen\u00e1ch. &nbsp;Potvrdenie o zdravotnej sp\u00f4sobilosti&nbsp;na zotavovacie podujatie Od 1.1.2024 je [&hellip;]","og_url":"https:\/\/www.detskalekarkaradi.sk\/?page_id=130","og_site_name":"Detsk\u00e1 lek\u00e1rka rad\u00ed","article_modified_time":"2024-06-12T19:16:13+00:00","og_image":[{"url":"https:\/\/www.detskalekarkaradi.sk\/wp-content\/uploads\/2024\/04\/image-5.png"}],"twitter_card":"summary_large_image","twitter_misc":{"Predpokladan\u00fd \u010das \u010d\u00edtania":"4 min\u00faty"},"schema":{"@context":"https:\/\/schema.org","@graph":[{"@type":"WebPage","@id":"https:\/\/www.detskalekarkaradi.sk\/?page_id=130","url":"https:\/\/www.detskalekarkaradi.sk\/?page_id=130","name":"Potvrdenia - Detsk\u00e1 lek\u00e1rka rad\u00ed","isPartOf":{"@id":"https:\/\/www.detskalekarkaradi.sk\/#website"},"datePublished":"2023-02-23T10:41:14+00:00","dateModified":"2024-06-12T19:16:13+00:00","breadcrumb":{"@id":"https:\/\/www.detskalekarkaradi.sk\/?page_id=130#breadcrumb"},"inLanguage":"sk-SK","potentialAction":[{"@type":"ReadAction","target":["https:\/\/www.detskalekarkaradi.sk\/?page_id=130"]}]},{"@type":"BreadcrumbList","@id":"https:\/\/www.detskalekarkaradi.sk\/?page_id=130#breadcrumb","itemListElement":[{"@type":"ListItem","position":1,"name":"Home","item":"https:\/\/www.detskalekarkaradi.sk\/"},{"@type":"ListItem","position":2,"name":"Potvrdenia"}]},{"@type":"WebSite","@id":"https:\/\/www.detskalekarkaradi.sk\/#website","url":"https:\/\/www.detskalekarkaradi.sk\/","name":"Detsk\u00e1 lek\u00e1rka rad\u00ed","description":"","potentialAction":[{"@type":"SearchAction","target":{"@type":"EntryPoint","urlTemplate":"https:\/\/www.detskalekarkaradi.sk\/?s={search_term_string}"},"query-input":"required name=search_term_string"}],"inLanguage":"sk-SK"}]}},"_links":{"self":[{"href":"https:\/\/www.detskalekarkaradi.sk\/index.php?rest_route=\/wp\/v2\/pages\/130"}],"collection":[{"href":"https:\/\/www.detskalekarkaradi.sk\/index.php?rest_route=\/wp\/v2\/pages"}],"about":[{"href":"https:\/\/www.detskalekarkaradi.sk\/index.php?rest_route=\/wp\/v2\/types\/page"}],"author":[{"embeddable":true,"href":"https:\/\/www.detskalekarkaradi.sk\/index.php?rest_route=\/wp\/v2\/users\/1"}],"replies":[{"embeddable":true,"href":"https:\/\/www.detskalekarkaradi.sk\/index.php?rest_route=%2Fwp%2Fv2%2Fcomments&post=130"}],"version-history":[{"count":5,"href":"https:\/\/www.detskalekarkaradi.sk\/index.php?rest_route=\/wp\/v2\/pages\/130\/revisions"}],"predecessor-version":[{"id":1812,"href":"https:\/\/www.detskalekarkaradi.sk\/index.php?rest_route=\/wp\/v2\/pages\/130\/revisions\/1812"}],"wp:attachment":[{"href":"https:\/\/www.detskalekarkaradi.sk\/index.php?rest_route=%2Fwp%2Fv2%2Fmedia&parent=130"}],"curies":[{"name":"wp","href":"https:\/\/api.w.org\/{rel}","templated":true}]}}